{"id":4724,"date":"2023-08-07T12:10:46","date_gmt":"2023-08-07T08:10:46","guid":{"rendered":"https:\/\/innostore.ge\/?post_type=product&#038;p=4724"},"modified":"2024-06-12T11:51:52","modified_gmt":"2024-06-12T07:51:52","slug":"16xgb-poe-dh-pfs3016-16gt-190","status":"publish","type":"product","link":"https:\/\/innostore.ge\/en\/product\/16xgb-poe-dh-pfs3016-16gt-190\/","title":{"rendered":"16 \u10de\u10dd\u10e0\u10e2\u10d8 16xGB PoE DH-PFS3016-16GT-190"},"content":{"rendered":"<h4>\u10d0\u10e6\u10ec\u10d4\u10e0\u10d0:<\/h4>\n<p>16 \u10de\u10dd\u10e0\u10e2\u10d8\u10d0\u10dc\u10d8 \u10d2\u10d8\u10d2\u10d0\u10d1\u10d8\u10e2\u10d8\u10d0\u10dc\u10d8 \u10e5\u10e1\u10d4\u10da\u10e3\u10e0\u10d8 \u10d2\u10d0\u10db\u10d0\u10dc\u10d0\u10ec\u10d8\u10da\u10d4\u10d1\u10d4\u10da\u10d8 16xPOE \u10de\u10dd\u10e0\u10e2\u10d8.<\/p>\n<table id=\"table001\" class=\"NEW-TABLE TableOverride-1 tab-drag\">\n<tbody>\n<tr>\n<td colspan=\"60\">Performance<\/td>\n<\/tr>\n<tr>\n<td colspan=\"18\">Layer<\/td>\n<td colspan=\"42\">Layer 2<\/td>\n<\/tr>\n<tr>\n<td colspan=\"18\">Switching Capacity<\/td>\n<td colspan=\"42\">32 Gbps<\/td>\n<\/tr>\n<tr>\n<td colspan=\"18\">Packet Forwarding Rate<\/td>\n<td colspan=\"42\">23.808 Mpps<\/td>\n<\/tr>\n<tr>\n<td colspan=\"18\">Packet Buffer Memory<\/td>\n<td colspan=\"42\">4.1 Mb<\/td>\n<\/tr>\n<tr>\n<td colspan=\"18\">MAC Table Size<\/td>\n<td colspan=\"42\">8K<\/td>\n<\/tr>\n<tr>\n<td colspan=\"60\">Hardware Feature<\/td>\n<\/tr>\n<tr>\n<td colspan=\"18\">Standard Power Supply<\/td>\n<td colspan=\"42\">Yes<\/td>\n<\/tr>\n<tr>\n<td colspan=\"18\">PoE<\/td>\n<td colspan=\"42\">Yes<\/td>\n<\/tr>\n<tr>\n<td colspan=\"18\">Ethernet Port<\/td>\n<td colspan=\"42\">16<\/td>\n<\/tr>\n<tr>\n<td colspan=\"18\">Ethernet Port Rate<\/td>\n<td colspan=\"42\">1 Gbps<\/td>\n<\/tr>\n<tr>\n<td colspan=\"18\">Number of Business Card Slots<\/td>\n<td colspan=\"42\">Port 1\u2013port 16: 16 \u00d7 RJ-45 10M\/100M\/1000M (PoE)<\/td>\n<\/tr>\n<tr>\n<td colspan=\"18\">Power Supply<\/td>\n<td colspan=\"42\">100V AC \u2013240V AC<\/td>\n<\/tr>\n<tr>\n<td colspan=\"18\">Operating Temperature<\/td>\n<td colspan=\"42\">\u201310\u00b0C to +55\u00b0C (14\u00b0F to +131\u00b0F)<\/td>\n<\/tr>\n<tr>\n<td colspan=\"18\">Operating Humidity<\/td>\n<td colspan=\"42\">10%\u201390%<\/td>\n<\/tr>\n<tr>\n<td colspan=\"18\">Storage Humidity<\/td>\n<td colspan=\"42\">5%\u201395%<\/td>\n<\/tr>\n<tr>\n<td colspan=\"18\">Power Consumption<\/td>\n<td colspan=\"42\">Idling: 18W<br \/>\nFull load: 190W<\/td>\n<\/tr>\n<tr>\n<td colspan=\"60\">PoE<\/td>\n<\/tr>\n<tr>\n<td colspan=\"18\">PoE Standard<\/td>\n<td colspan=\"42\">IEEE802.3af, IEEE802.3at, Hi-PoE<\/td>\n<\/tr>\n<tr>\n<td colspan=\"18\">PoE Budget<\/td>\n<td colspan=\"42\">Port 1\u2013port 2 \u2264 60W, port 3\u2013port 16 \u2264 30W, total \u2264 190W<\/td>\n<\/tr>\n<tr>\n<td colspan=\"18\">PoE Pin Assignment<\/td>\n<td colspan=\"42\">PoE\/Hi-PoE: 1, 2, 4, 5 (V+), 3, 6, 7, 8 (V\u2013)<\/td>\n<\/tr>\n<tr>\n<td colspan=\"60\">General<\/td>\n<\/tr>\n<tr>\n<td colspan=\"18\">ESD<\/td>\n<td colspan=\"42\">Air discharge: 8kV<br \/>\nContact discharge: 6kV<\/td>\n<\/tr>\n<tr>\n<td colspan=\"18\">Thunder proof<\/td>\n<td colspan=\"42\">Common mode: 4kV<br \/>\nDifferential mode: 2kV<\/td>\n<\/tr>\n<tr>\n<td colspan=\"18\">Product Dimensions<\/td>\n<td colspan=\"42\">285 mm \u00d7 104.6 mm \u00d7 28 mm (11.22&#8243; \u00d7 4.12&#8243; \u00d7 1.10&#8243;)<\/td>\n<\/tr>\n<tr>\n<td colspan=\"18\">Packaging Dimensions<\/td>\n<td colspan=\"42\">455 mm \u00d7 270 mm \u00d7 92 mm (17.91&#8243; \u00d7 10.63&#8243; \u00d7 3.62&#8243;)<\/td>\n<\/tr>\n<\/tbody>\n<\/table>","protected":false},"excerpt":{"rendered":"<h3 class=\"title\" data-v-6f7ca0da=\"\">PFS3016-16GT-190<\/h3>\n<p class=\"text\" data-v-6f7ca0da=\"\" data-gtm-vis-has-fired-10552706_181=\"1\" data-gtm-vis-recent-on-screen-10552706_184=\"344\" data-gtm-vis-first-on-screen-10552706_184=\"344\" data-gtm-vis-total-visible-time-10552706_184=\"100\" data-gtm-vis-has-fired-10552706_184=\"1\" data-gtm-vis-recent-on-screen-10552706_192=\"346\" data-gtm-vis-first-on-screen-10552706_192=\"346\" data-gtm-vis-total-visible-time-10552706_192=\"100\" data-gtm-vis-has-fired-10552706_192=\"1\" data-gtm-vis-recent-on-screen-10552706_193=\"347\" data-gtm-vis-first-on-screen-10552706_193=\"347\" data-gtm-vis-total-visible-time-10552706_193=\"100\" data-gtm-vis-has-fired-10552706_193=\"1\" data-gtm-vis-recent-on-screen-10552706_194=\"348\" data-gtm-vis-first-on-screen-10552706_194=\"348\" data-gtm-vis-total-visible-time-10552706_194=\"100\" data-gtm-vis-has-fired-10552706_194=\"1\" data-gtm-vis-has-fired-10552706_195=\"1\" data-gtm-vis-recent-on-screen-10552706_196=\"350\" data-gtm-vis-first-on-screen-10552706_196=\"350\" data-gtm-vis-total-visible-time-10552706_196=\"100\" data-gtm-vis-has-fired-10552706_196=\"1\" data-gtm-vis-recent-on-screen-10552706_217=\"351\" data-gtm-vis-first-on-screen-10552706_217=\"351\" data-gtm-vis-total-visible-time-10552706_217=\"100\" data-gtm-vis-has-fired-10552706_217=\"1\">16-Port Unmanaged Gigabit PoE Switch<\/p>\n<div data-v-6f7ca0da=\"\">&gt; Orange port supports 60W Hi-PoE standard<br \/>\n&gt; Intelligent PoE<br \/>\n&gt; Plug-and-play<br \/>\n&gt; Ethernet port supports eight-pin PoE<br \/>\n&gt; Wide range of working temperature: \u201310 to +55\u00b0C (14\u00b0F to +131\u00b0F)<br \/>\n&gt; Full gigabit port design<br \/>\n<img decoding=\"async\" src=\"https:\/\/www.dahuasecurity.com\/asset\/upload\/uploads\/image\/20210513\/20210513095352_93956.png\" alt=\"\" \/><\/div>","protected":false},"featured_media":15324,"comment_status":"closed","ping_status":"closed","template":"","meta":[],"product_brand":[],"product_cat":[651,650],"product_tag":[],"class_list":{"0":"post-4724","1":"product","2":"type-product","3":"status-publish","4":"has-post-thumbnail","6":"product_cat-poe-switches","7":"product_cat-switches-ge","8":"pa_brendebi-dahua","10":"first","11":"instock","12":"taxable","13":"shipping-taxable","14":"purchasable","15":"product-type-simple"},"_links":{"self":[{"href":"https:\/\/innostore.ge\/en\/wp-json\/wp\/v2\/product\/4724","targetHints":{"allow":["GET"]}}],"collection":[{"href":"https:\/\/innostore.ge\/en\/wp-json\/wp\/v2\/product"}],"about":[{"href":"https:\/\/innostore.ge\/en\/wp-json\/wp\/v2\/types\/product"}],"replies":[{"embeddable":true,"href":"https:\/\/innostore.ge\/en\/wp-json\/wp\/v2\/comments?post=4724"}],"wp:featuredmedia":[{"embeddable":true,"href":"https:\/\/innostore.ge\/en\/wp-json\/wp\/v2\/media\/15324"}],"wp:attachment":[{"href":"https:\/\/innostore.ge\/en\/wp-json\/wp\/v2\/media?parent=4724"}],"wp:term":[{"taxonomy":"product_brand","embeddable":true,"href":"https:\/\/innostore.ge\/en\/wp-json\/wp\/v2\/product_brand?post=4724"},{"taxonomy":"product_cat","embeddable":true,"href":"https:\/\/innostore.ge\/en\/wp-json\/wp\/v2\/product_cat?post=4724"},{"taxonomy":"product_tag","embeddable":true,"href":"https:\/\/innostore.ge\/en\/wp-json\/wp\/v2\/product_tag?post=4724"}],"curies":[{"name":"wp","href":"https:\/\/api.w.org\/{rel}","templated":true}]}}